{"id":1002,"date":"2023-02-03T13:21:36","date_gmt":"2023-02-03T13:21:36","guid":{"rendered":"http:\/\/localhost\/solute\/?page_id=1002"},"modified":"2024-05-16T17:34:45","modified_gmt":"2024-05-16T15:34:45","slug":"service","status":"publish","type":"page","link":"https:\/\/www.evalii.de\/en\/service\/","title":{"rendered":"Services"},"content":{"rendered":"<div data-elementor-type=\"wp-page\" data-elementor-id=\"1002\" class=\"elementor elementor-1002\" data-elementor-post-type=\"page\">\n\t\t\t\t<div class=\"elementor-element elementor-element-a177e2f e-flex e-con-boxed e-con e-parent\" data-id=\"a177e2f\" data-element_type=\"container\">\n\t\t\t\t\t<div class=\"e-con-inner\">\n\t\t\t\t<div class=\"elementor-element elementor-element-3ae5e96 elementor-widget elementor-widget-spacer\" data-id=\"3ae5e96\" data-element_type=\"widget\" data-widget_type=\"spacer.default\">\n\t\t\t\t<div class=\"elementor-widget-container\">\n\t\t\t\t\t\t\t<div class=\"elementor-spacer\">\n\t\t\t<div class=\"elementor-spacer-inner\"><\/div>\n\t\t<\/div>\n\t\t\t\t\t\t<\/div>\n\t\t\t\t<\/div>\n\t\t\t\t\t<\/div>\n\t\t\t\t<\/div>\n\t\t\t\t<section class=\"elementor-section elementor-top-section elementor-element elementor-element-f98c168 elementor-section-boxed elementor-section-height-default elementor-section-height-default\" data-id=\"f98c168\" data-element_type=\"section\" data-settings=\"{&quot;background_background&quot;:&quot;classic&quot;}\">\n\t\t\t\t\t\t<div class=\"elementor-container elementor-column-gap-default\">\n\t\t\t\t\t<div class=\"elementor-column elementor-col-100 elementor-top-column elementor-element elementor-element-403eb39\" data-id=\"403eb39\" data-element_type=\"column\">\n\t\t\t<div class=\"elementor-widget-wrap elementor-element-populated\">\n\t\t\t\t\t\t<section class=\"elementor-section elementor-inner-section elementor-element elementor-element-836a952 elementor-section-content-middle elementor-section-boxed elementor-section-height-default elementor-section-height-default\" data-id=\"836a952\" data-element_type=\"section\">\n\t\t\t\t\t\t<div class=\"elementor-container elementor-column-gap-default\">\n\t\t\t\t\t<div class=\"elementor-column elementor-col-50 elementor-inner-column elementor-element elementor-element-6e87c1d\" data-id=\"6e87c1d\" data-element_type=\"column\">\n\t\t\t<div class=\"elementor-widget-wrap elementor-element-populated\">\n\t\t\t\t\t\t<div class=\"elementor-element elementor-element-7abd4c9 elementor-widget__width-initial elementor-widget elementor-widget-sectiontitle\" data-id=\"7abd4c9\" data-element_type=\"widget\" data-widget_type=\"sectiontitle.default\">\n\t\t\t\t<div class=\"elementor-widget-container\">\n\t\t\t\t\t\r\n\t\t\r\n\t\t\t<div class=\"section-title style1 left\">\r\n\t\t\t\t\t\t\t\t\t<h4 class=\"subtitle\">Evalii at a glance<\/h4>\r\n\t\t\t\t\r\n\t\t\t\t\t\t\t\t\t<h1 class=\"title\">Digital social media &amp; pharmacovigilance monitoring <\/h1>\r\n\t\t\t\t\r\n\t\t\t\t \r\n\t\t\t\t\t<p class=\"description\">Your solution for secure digital communication.<\/p>\r\n\t\t\t\t\t\t\t<\/div>\r\n\r\n\t\t\r\n\t\t\t\t\t\t<\/div>\n\t\t\t\t<\/div>\n\t\t\t\t\t<\/div>\n\t\t<\/div>\n\t\t\t\t<div class=\"elementor-column elementor-col-50 elementor-inner-column elementor-element elementor-element-257f43b\" data-id=\"257f43b\" data-element_type=\"column\">\n\t\t\t<div class=\"elementor-widget-wrap elementor-element-populated\">\n\t\t\t\t\t\t<div class=\"elementor-element elementor-element-8ad387f elementor-widget elementor-widget-image\" data-id=\"8ad387f\" data-element_type=\"widget\" data-widget_type=\"image.default\">\n\t\t\t\t<div class=\"elementor-widget-container\">\n\t\t\t\t\t\t\t\t\t\t\t\t\t\t\t<img decoding=\"async\" src=\"https:\/\/www.evalii.de\/wp-content\/uploads\/elementor\/thumbs\/ISO_9001_farbe_single-qkhmmdxwn0ep1s1yrbfuonx9y8jydgatfh25cp0xyg.png\" title=\"certified ISO9001\" alt=\"evalii ISO9001\" loading=\"lazy\" \/>\t\t\t\t\t\t\t\t\t\t\t\t\t\t\t<\/div>\n\t\t\t\t<\/div>\n\t\t\t\t\t<\/div>\n\t\t<\/div>\n\t\t\t\t\t<\/div>\n\t\t<\/section>\n\t\t\t\t<div class=\"elementor-element elementor-element-1204822 elementor-widget__width-initial elementor-widget elementor-widget-text-editor\" data-id=\"1204822\" data-element_type=\"widget\" data-widget_type=\"text-editor.default\">\n\t\t\t\t<div class=\"elementor-widget-container\">\n\t\t\t\t\t\t\t\t\t<p>In the fast-moving world of digital communication, it is essential for companies in the healthcare sector to keep track of everything and meet legal and regulatory requirements. evalii\u00ae offers a comprehensive solution for monitoring all digital channels and ensures that no detail is overlooked.<\/p><ul><li><strong>Seamless pharmacovigilance monitoring of all digital channels<\/strong>: With evalii\u00ae, your digital communication channels \u2013 from social media to blogs to patient forums and beyond \u2013 are monitored 24\/7. Our technology captures and documents posts and comments in real time to ensure complete documentation of all interactions.<\/li><\/ul><ul><li><strong><strong><img fetchpriority=\"high\" decoding=\"async\" class=\"size-medium wp-image-4355 alignright\" src=\"https:\/\/www.evalii.de\/wp-content\/uploads\/2024\/03\/graphic4-2-384x438-1-263x300.png\" alt=\"Evalii PV Monitoring, Moderation, Community-Management\" width=\"263\" height=\"300\" srcset=\"https:\/\/www.evalii.de\/wp-content\/uploads\/2024\/03\/graphic4-2-384x438-1-263x300.png 263w, https:\/\/www.evalii.de\/wp-content\/uploads\/2024\/03\/graphic4-2-384x438-1-11x12.png 11w, https:\/\/www.evalii.de\/wp-content\/uploads\/2024\/03\/graphic4-2-384x438-1.png 384w\" sizes=\"(max-width: 263px) 100vw, 263px\" \/><\/strong>Moderation and community management<\/strong>: Our specially trained evalii\u00ae agents review all incoming messages and respond according to your individual requirements. This includes checking for pharmacovigilance-relevant content, compliance with legal requirements and moderation according to your guidelines.<\/li><\/ul><ul><li><strong>Data protection compliance:<\/strong> The protection of personal data is our highest priority. evalii\u00ae complies with the strictest data protection laws to ensure the security and confidentiality of all data collected.<\/li><\/ul><ul><li><strong>Monitoring in (almost) all languages<\/strong>: evalii\u00ae offers a wide range of supported languages to serve global companies. With the ability to analyze content in a variety of languages, we ensure that no important information is missed, regardless of the geographic location of your target audience.<\/li><\/ul><ul><li><b style=\"color: var(--paragraph-color); text-align: var(--bs-body-text-align);\"><span style=\"font-size: 12.0pt; line-height: 107%;\">Validated and audited* processes<\/span><\/b><span style=\"font-size: 12pt; text-align: var(--bs-body-text-align); line-height: 107%;\"><span style=\"font-size: 12pt; text-align: var(--bs-body-text-align); line-height: 107%;\">: Our processes are designed not only to maximize efficiency and reliability, but also to meet the most stringent audit requirements. With evalii\u00ae you can be sure that your monitoring activities meet regulatory standards.<\/span><\/span><\/li><\/ul><ul><li><strong>Legal and regulatory compliant<\/strong>: evalii\u00ae meets the requirements of AMG, MPAMIV, FDA, HWG as well as EU directives and EU regulations, GVP guidelines (Good Pharmacovigilance Practices) and other relevant regulations. Our service ensures that your digital activities always comply with the current laws and regulations.<\/li><\/ul><ul><li class=\"translation-block\"><strong>ISO 27001-certified data centres:<\/strong> Our infrastructure is based on ISO 27001-certified data centres that guarantee the highest security standards. This certification enables us to ensure the security and integrity of your data at the highest level.<br><br><\/li><\/ul><ul><li class=\"translation-block\"><strong>Reliability through redundant systems<\/strong>: The reliability of our service is ensured through the use of redundant systems. Even in the event of a technical failure, our backup solutions ensure that the service continues to run seamlessly.<\/li><\/ul><p>With evalii\u00ae you choose a comprehensive, reliable and secure solution to meet the requirements of digital communication in the healthcare sector. <a href=\"https:\/\/www.evalii.de\/en\/kontakt\/\" target=\"_blank\" rel=\"noopener\"><u>To contact<\/u><\/a> us to learn more about how we can support you.<\/p><p><strong>*evalii\u00ae and our PV monitoring are ISO certified and audited.\u00a0<\/strong><\/p>\t\t\t\t\t\t\t\t<\/div>\n\t\t\t\t<\/div>\n\t\t\t\t\t<\/div>\n\t\t<\/div>\n\t\t\t\t\t<\/div>\n\t\t<\/section>\n\t\t\t\t<\/div>","protected":false},"excerpt":{"rendered":"<p>Evalii at a glance Digital social media &amp; pharmacovigilance monitoring Your solution for secure digital communication. In the fast-moving world of digital communication, it is essential for companies in the healthcare sector to keep track of everything and meet legal and regulatory requirements. evalii\u00ae offers a comprehensive solution for monitoring all digital channels and ensures that no [\u2026]<\/p>","protected":false},"author":1,"featured_media":0,"parent":0,"menu_order":0,"comment_status":"closed","ping_status":"closed","template":"","meta":{"footnotes":""},"class_list":["post-1002","page","type-page","status-publish","hentry"],"yoast_head":"<!-- This site is optimized with the Yoast SEO plugin v26.3 - https:\/\/yoast.com\/wordpress\/plugins\/seo\/ -->\n<title>Services - evalii<\/title>\n<meta name=\"description\" content=\"evalii\u00ae bietet eine umfassende L\u00f6sung f\u00fcr das Monitoring aller digitalen Kan\u00e4le und stellt sicher, dass kein Detail \u00fcbersehen wird.\" \/>\n<meta name=\"robots\" content=\"index, follow, max-snippet:-1, max-image-preview:large, max-video-preview:-1\" \/>\n<link rel=\"canonical\" href=\"https:\/\/www.evalii.de\/en\/service\/\" \/>\n<meta property=\"og:locale\" content=\"en_US\" \/>\n<meta property=\"og:type\" content=\"article\" \/>\n<meta property=\"og:title\" content=\"Services - evalii\" \/>\n<meta property=\"og:description\" content=\"evalii\u00ae bietet eine umfassende L\u00f6sung f\u00fcr das Monitoring aller digitalen Kan\u00e4le und stellt sicher, dass kein Detail \u00fcbersehen wird.\" \/>\n<meta property=\"og:url\" content=\"https:\/\/www.evalii.de\/en\/service\/\" \/>\n<meta property=\"og:site_name\" content=\"evalii - pharmacovigilance monitoring service\" \/>\n<meta property=\"article:modified_time\" content=\"2024-05-16T15:34:45+00:00\" \/>\n<meta property=\"og:image\" content=\"https:\/\/evalii.wordpress.staging.cross4channel.de\/wp-content\/uploads\/elementor\/thumbs\/ISO_9001_farbe_single-qkhmmdxwn0ep1s1yrbfuonx9y8jydgatfh25cp0xyg.png\" \/>\n<meta name=\"twitter:card\" content=\"summary_large_image\" \/>\n<meta name=\"twitter:label1\" content=\"Est. reading time\" \/>\n\t<meta name=\"twitter:data1\" content=\"3 minutes\" \/>\n<script type=\"application\/ld+json\" class=\"yoast-schema-graph\">{\"@context\":\"https:\/\/schema.org\",\"@graph\":[{\"@type\":\"WebPage\",\"@id\":\"https:\/\/www.evalii.de\/service\/\",\"url\":\"https:\/\/www.evalii.de\/service\/\",\"name\":\"Services - evalii\",\"isPartOf\":{\"@id\":\"https:\/\/www.evalii.de\/#website\"},\"primaryImageOfPage\":{\"@id\":\"https:\/\/www.evalii.de\/service\/#primaryimage\"},\"image\":{\"@id\":\"https:\/\/www.evalii.de\/service\/#primaryimage\"},\"thumbnailUrl\":\"https:\/\/evalii.wordpress.staging.cross4channel.de\/wp-content\/uploads\/elementor\/thumbs\/ISO_9001_farbe_single-qkhmmdxwn0ep1s1yrbfuonx9y8jydgatfh25cp0xyg.png\",\"datePublished\":\"2023-02-03T13:21:36+00:00\",\"dateModified\":\"2024-05-16T15:34:45+00:00\",\"description\":\"evalii\u00ae bietet eine umfassende L\u00f6sung f\u00fcr das Monitoring aller digitalen Kan\u00e4le und stellt sicher, dass kein Detail \u00fcbersehen wird.\",\"breadcrumb\":{\"@id\":\"https:\/\/www.evalii.de\/service\/#breadcrumb\"},\"inLanguage\":\"en-US\",\"potentialAction\":[{\"@type\":\"ReadAction\",\"target\":[\"https:\/\/www.evalii.de\/service\/\"]}]},{\"@type\":\"ImageObject\",\"inLanguage\":\"en-US\",\"@id\":\"https:\/\/www.evalii.de\/service\/#primaryimage\",\"url\":\"https:\/\/evalii.wordpress.staging.cross4channel.de\/wp-content\/uploads\/elementor\/thumbs\/ISO_9001_farbe_single-qkhmmdxwn0ep1s1yrbfuonx9y8jydgatfh25cp0xyg.png\",\"contentUrl\":\"https:\/\/evalii.wordpress.staging.cross4channel.de\/wp-content\/uploads\/elementor\/thumbs\/ISO_9001_farbe_single-qkhmmdxwn0ep1s1yrbfuonx9y8jydgatfh25cp0xyg.png\"},{\"@type\":\"BreadcrumbList\",\"@id\":\"https:\/\/www.evalii.de\/service\/#breadcrumb\",\"itemListElement\":[{\"@type\":\"ListItem\",\"position\":1,\"name\":\"Startseite\",\"item\":\"https:\/\/www.evalii.de\/\"},{\"@type\":\"ListItem\",\"position\":2,\"name\":\"Services\"}]},{\"@type\":\"WebSite\",\"@id\":\"https:\/\/www.evalii.de\/#website\",\"url\":\"https:\/\/www.evalii.de\/\",\"name\":\"evalii - pharmacovigilance monitoring service\",\"description\":\"\",\"publisher\":{\"@id\":\"https:\/\/www.evalii.de\/#organization\"},\"potentialAction\":[{\"@type\":\"SearchAction\",\"target\":{\"@type\":\"EntryPoint\",\"urlTemplate\":\"https:\/\/www.evalii.de\/?s={search_term_string}\"},\"query-input\":{\"@type\":\"PropertyValueSpecification\",\"valueRequired\":true,\"valueName\":\"search_term_string\"}}],\"inLanguage\":\"en-US\"},{\"@type\":\"Organization\",\"@id\":\"https:\/\/www.evalii.de\/#organization\",\"name\":\"evalii - pharmacovigilance monitoring service\",\"url\":\"https:\/\/www.evalii.de\/\",\"logo\":{\"@type\":\"ImageObject\",\"inLanguage\":\"en-US\",\"@id\":\"https:\/\/www.evalii.de\/#\/schema\/logo\/image\/\",\"url\":\"https:\/\/www.evalii.de\/wp-content\/uploads\/2024\/02\/cropped-evalii_logo_partial-white-e1709128348839.png\",\"contentUrl\":\"https:\/\/www.evalii.de\/wp-content\/uploads\/2024\/02\/cropped-evalii_logo_partial-white-e1709128348839.png\",\"width\":200,\"height\":82,\"caption\":\"evalii - pharmacovigilance monitoring service\"},\"image\":{\"@id\":\"https:\/\/www.evalii.de\/#\/schema\/logo\/image\/\"}}]}<\/script>\n<!-- \/ Yoast SEO plugin. -->","yoast_head_json":{"title":"Services - evalii","description":"evalii\u00ae offers a comprehensive solution for monitoring all digital channels and ensures that no detail is overlooked.","robots":{"index":"index","follow":"follow","max-snippet":"max-snippet:-1","max-image-preview":"max-image-preview:large","max-video-preview":"max-video-preview:-1"},"canonical":"https:\/\/www.evalii.de\/en\/service\/","og_locale":"en_US","og_type":"article","og_title":"Services - evalii","og_description":"evalii\u00ae bietet eine umfassende L\u00f6sung f\u00fcr das Monitoring aller digitalen Kan\u00e4le und stellt sicher, dass kein Detail \u00fcbersehen wird.","og_url":"https:\/\/www.evalii.de\/en\/service\/","og_site_name":"evalii - pharmacovigilance monitoring service","article_modified_time":"2024-05-16T15:34:45+00:00","og_image":[{"url":"https:\/\/evalii.wordpress.staging.cross4channel.de\/wp-content\/uploads\/elementor\/thumbs\/ISO_9001_farbe_single-qkhmmdxwn0ep1s1yrbfuonx9y8jydgatfh25cp0xyg.png","type":"","width":"","height":""}],"twitter_card":"summary_large_image","twitter_misc":{"Est. reading time":"3 minutes"},"schema":{"@context":"https:\/\/schema.org","@graph":[{"@type":"WebPage","@id":"https:\/\/www.evalii.de\/service\/","url":"https:\/\/www.evalii.de\/service\/","name":"Services - evalii","isPartOf":{"@id":"https:\/\/www.evalii.de\/#website"},"primaryImageOfPage":{"@id":"https:\/\/www.evalii.de\/service\/#primaryimage"},"image":{"@id":"https:\/\/www.evalii.de\/service\/#primaryimage"},"thumbnailUrl":"https:\/\/evalii.wordpress.staging.cross4channel.de\/wp-content\/uploads\/elementor\/thumbs\/ISO_9001_farbe_single-qkhmmdxwn0ep1s1yrbfuonx9y8jydgatfh25cp0xyg.png","datePublished":"2023-02-03T13:21:36+00:00","dateModified":"2024-05-16T15:34:45+00:00","description":"evalii\u00ae offers a comprehensive solution for monitoring all digital channels and ensures that no detail is overlooked.","breadcrumb":{"@id":"https:\/\/www.evalii.de\/service\/#breadcrumb"},"inLanguage":"en-US","potentialAction":[{"@type":"ReadAction","target":["https:\/\/www.evalii.de\/service\/"]}]},{"@type":"ImageObject","inLanguage":"en-US","@id":"https:\/\/www.evalii.de\/service\/#primaryimage","url":"https:\/\/evalii.wordpress.staging.cross4channel.de\/wp-content\/uploads\/elementor\/thumbs\/ISO_9001_farbe_single-qkhmmdxwn0ep1s1yrbfuonx9y8jydgatfh25cp0xyg.png","contentUrl":"https:\/\/evalii.wordpress.staging.cross4channel.de\/wp-content\/uploads\/elementor\/thumbs\/ISO_9001_farbe_single-qkhmmdxwn0ep1s1yrbfuonx9y8jydgatfh25cp0xyg.png"},{"@type":"BreadcrumbList","@id":"https:\/\/www.evalii.de\/service\/#breadcrumb","itemListElement":[{"@type":"ListItem","position":1,"name":"Startseite","item":"https:\/\/www.evalii.de\/"},{"@type":"ListItem","position":2,"name":"Services"}]},{"@type":"WebSite","@id":"https:\/\/www.evalii.de\/#website","url":"https:\/\/www.evalii.de\/","name":"evalii - pharmacovigilance monitoring service","description":"","publisher":{"@id":"https:\/\/www.evalii.de\/#organization"},"potentialAction":[{"@type":"SearchAction","target":{"@type":"EntryPoint","urlTemplate":"https:\/\/www.evalii.de\/?s={search_term_string}"},"query-input":{"@type":"PropertyValueSpecification","valueRequired":true,"valueName":"search_term_string"}}],"inLanguage":"en-US"},{"@type":"Organization","@id":"https:\/\/www.evalii.de\/#organization","name":"evalii - pharmacovigilance monitoring service","url":"https:\/\/www.evalii.de\/","logo":{"@type":"ImageObject","inLanguage":"en-US","@id":"https:\/\/www.evalii.de\/#\/schema\/logo\/image\/","url":"https:\/\/www.evalii.de\/wp-content\/uploads\/2024\/02\/cropped-evalii_logo_partial-white-e1709128348839.png","contentUrl":"https:\/\/www.evalii.de\/wp-content\/uploads\/2024\/02\/cropped-evalii_logo_partial-white-e1709128348839.png","width":200,"height":82,"caption":"evalii - pharmacovigilance monitoring service"},"image":{"@id":"https:\/\/www.evalii.de\/#\/schema\/logo\/image\/"}}]}},"_links":{"self":[{"href":"https:\/\/www.evalii.de\/en\/wp-json\/wp\/v2\/pages\/1002","targetHints":{"allow":["GET"]}}],"collection":[{"href":"https:\/\/www.evalii.de\/en\/wp-json\/wp\/v2\/pages"}],"about":[{"href":"https:\/\/www.evalii.de\/en\/wp-json\/wp\/v2\/types\/page"}],"author":[{"embeddable":true,"href":"https:\/\/www.evalii.de\/en\/wp-json\/wp\/v2\/users\/1"}],"replies":[{"embeddable":true,"href":"https:\/\/www.evalii.de\/en\/wp-json\/wp\/v2\/comments?post=1002"}],"version-history":[{"count":41,"href":"https:\/\/www.evalii.de\/en\/wp-json\/wp\/v2\/pages\/1002\/revisions"}],"predecessor-version":[{"id":4806,"href":"https:\/\/www.evalii.de\/en\/wp-json\/wp\/v2\/pages\/1002\/revisions\/4806"}],"wp:attachment":[{"href":"https:\/\/www.evalii.de\/en\/wp-json\/wp\/v2\/media?parent=1002"}],"curies":[{"name":"wp","href":"https:\/\/api.w.org\/{rel}","templated":true}]}}