{"id":4569,"date":"2024-04-17T16:37:42","date_gmt":"2024-04-17T14:37:42","guid":{"rendered":"https:\/\/evalii.wordpress.staging.cross4channel.de\/?page_id=4569"},"modified":"2025-03-31T15:32:25","modified_gmt":"2025-03-31T13:32:25","slug":"impressum","status":"publish","type":"page","link":"https:\/\/www.evalii.de\/en\/impressum\/","title":{"rendered":"Legal notice"},"content":{"rendered":"<div data-elementor-type=\"wp-page\" data-elementor-id=\"4569\" class=\"elementor elementor-4569\" data-elementor-post-type=\"page\">\n\t\t\t\t<div class=\"elementor-element elementor-element-a177e2f e-flex e-con-boxed e-con e-parent\" data-id=\"a177e2f\" data-element_type=\"container\">\n\t\t\t\t\t<div class=\"e-con-inner\">\n\t\t\t\t<div class=\"elementor-element elementor-element-3ae5e96 elementor-widget elementor-widget-spacer\" data-id=\"3ae5e96\" data-element_type=\"widget\" data-widget_type=\"spacer.default\">\n\t\t\t\t<div class=\"elementor-widget-container\">\n\t\t\t\t\t\t\t<div class=\"elementor-spacer\">\n\t\t\t<div class=\"elementor-spacer-inner\"><\/div>\n\t\t<\/div>\n\t\t\t\t\t\t<\/div>\n\t\t\t\t<\/div>\n\t\t\t\t\t<\/div>\n\t\t\t\t<\/div>\n\t\t\t\t<section class=\"elementor-section elementor-top-section elementor-element elementor-element-f98c168 elementor-section-boxed elementor-section-height-default elementor-section-height-default\" data-id=\"f98c168\" data-element_type=\"section\" data-settings=\"{&quot;background_background&quot;:&quot;classic&quot;}\">\n\t\t\t\t\t\t<div class=\"elementor-container elementor-column-gap-default\">\n\t\t\t\t\t<div class=\"elementor-column elementor-col-100 elementor-top-column elementor-element elementor-element-4d06b45\" data-id=\"4d06b45\" data-element_type=\"column\">\n\t\t\t<div class=\"elementor-widget-wrap elementor-element-populated\">\n\t\t\t\t\t\t<div class=\"elementor-element elementor-element-b4f91d1 elementor-widget elementor-widget-text-editor\" data-id=\"b4f91d1\" data-element_type=\"widget\" data-widget_type=\"text-editor.default\">\n\t\t\t\t<div class=\"elementor-widget-container\">\n\t\t\t\t\t\t\t\t\t<h1>Legal notice<\/h1><p>Cross4Channel \u2014 Society for digital healthcare marketing mbH<\/p><p>Prinzessinnenstr. 19\/20,<br \/>10969 Berlin, Germany<\/p><p>Management: Petra D\u00f6kel<br \/>Phone: +49 (0)30 \u2014 746 895 00<br \/>Fax: +49 (0)30 \u2014 746 895 09<br \/>E-mail:\u00a0<a href=\"mailto:info@cross4channel.de\">info@cross4channel.de<\/a><\/p><p>Register court: District Court of Berlin Charlottenburg<br \/>Registration number: HRB 164531 B<br \/>VAT identification number according to \u00a7 27a UStG: DE299002511<\/p><p>Person responsible for content: Petra D\u00f6kel<\/p><h2>LIABILITY FOR CONTENT<\/h2><p>The contents of our pages have been created with the greatest care. However, we cannot accept any liability for the accuracy, completeness and timeliness of the contents. As service providers, we are liable for own contents of these pages in accordance with Section 7, Paragraph 1 of the German Telemedia Act (TMG). However, according to Sections 8 to 10 of the German Telemedia Act (TMG), service providers are not obligated to monitor submitted or stored information or to search for evidences that indicate illegal activities. Legal obligations to removing information or to blocking the use of information remain unchallenged. In this case, liability is only possible at the time of knowledge about a specific violation of law. If we become aware of such violations of law, we will remove this content immediately.<\/p><h2>LIABILITY FOR LINKS<\/h2><p>Our offer contains links to external third-party websites over whose content we have no influence. We therefore cannot accept any liability for this external content. The respective provider or operator of the pages is always responsible for the content of the linked pages. The linked pages were checked for possible legal violations at the time of linking. Illegal content was not recognizable at the time of linking. However, permanent control of the content of the linked pages is not reasonable without concrete evidence of a legal violation. If we become aware of any legal violations, we will remove such links immediately.<\/p><h2>COPYRIGHT<\/h2><p>The content and works on these pages created by the site operators are subject to German copyright law. Duplication, processing, distribution and any type of exploitation outside the limits of copyright law require the written consent of the respective author or creator. Downloads and copies of this page are only permitted for private, non-commercial use. Insofar as the content on this page was not created by the operator, the copyrights of third parties are observed. In particular, third-party content is marked as such. Should you nevertheless become aware of a copyright infringement, we ask you to notify us accordingly. If we become aware of any infringements, we will remove such content immediately.<\/p><h2>IMAGE SOURCES<\/h2><ul><li>\u00a9 Adobe Stock #639842526<\/li><li>\u00a9 Adobe Stock #393877132<\/li><\/ul><h2>Fonts &amp; Icons used<\/h2><ul><li><span class=\"ui-provider a b c d e f g h i j k l m n o p q r s t u v w x y z ab ac ae af ag ah ai aj ak\" dir=\"ltr\">Flaticon \u2013 Copyright Freepik Company, SL (https:\/\/www.freepikcompany.com\/legal\/)<\/span><\/li><li>Font Awesome Free \u2013 Copyright Fonticons, Inc. (https:\/\/fontawesome.com\/license)<\/li><li><span class=\"ui-provider a b c d e f g h i j k l m n o p q r s t u v w x y z ab ac ae af ag ah ai aj ak\" dir=\"ltr\">Space Grotesk Variable \u2013 Copyright 2020 The Space Grotesk Project Authors (https:\/\/github.com\/floriankarsten\/space-grotesk)<\/span><\/li><\/ul>\t\t\t\t\t\t\t\t<\/div>\n\t\t\t\t<\/div>\n\t\t\t\t\t<\/div>\n\t\t<\/div>\n\t\t\t\t\t<\/div>\n\t\t<\/section>\n\t\t\t\t<\/div>","protected":false},"excerpt":{"rendered":"<p>Imprint Cross4Channel \u2014 Gesellschaft f\u00fcr digitales Healthcare Marketing mbH Prinzessinnenstr. 19\/20, 10969 Berlin, Germany Management: Petra D\u00f6kel Phone: +49 (0)30 \u2014 746 895 00 Fax: +49 (0)30 \u2014 746 895 09 Email: info@cross4channel.de Register court: Berlin Charlottenburg District Court Registration number: HRB 164531 VAT identification number according to Section 27a of the German Value Added Tax Act (UStG): DE299002511 Person responsible for content: Petra D\u00f6kel LIABILITY FOR CONTENT The content of our pages was created with the utmost care. [\u2026]<\/p>","protected":false},"author":1,"featured_media":0,"parent":0,"menu_order":0,"comment_status":"closed","ping_status":"closed","template":"","meta":{"footnotes":""},"class_list":["post-4569","page","type-page","status-publish","hentry"],"yoast_head":"<!-- This site is optimized with the Yoast SEO plugin v26.3 - https:\/\/yoast.com\/wordpress\/plugins\/seo\/ -->\n<title>Impressum - evalii - pharmacovigilance monitoring service<\/title>\n<meta name=\"robots\" content=\"index, follow, max-snippet:-1, max-image-preview:large, max-video-preview:-1\" \/>\n<link rel=\"canonical\" href=\"https:\/\/www.evalii.de\/en\/impressum\/\" \/>\n<meta property=\"og:locale\" content=\"en_US\" \/>\n<meta property=\"og:type\" content=\"article\" \/>\n<meta property=\"og:title\" content=\"Impressum - evalii - pharmacovigilance monitoring service\" \/>\n<meta property=\"og:description\" content=\"Impressum Cross4Channel\u00a0\u2014 Gesellschaft f\u00fcr digitales Healthcare Marketing\u00a0mbH Prinzessinnenstr. 19\/20,10969 Berlin, Germany Gesch\u00e4ftsf\u00fchrung: Petra D\u00f6kelTelefon: +49 (0)30 \u2014 746 895 00Fax: +49 (0)30 \u2014 746 895 09E\u2011Mail:\u00a0info@cross4channel.de Registergericht: Amtsgericht Berlin CharlottenburgRegisternummer: HRB 164531 BUmsatzsteuer-Identifikationsnummer gem. \u00a7 27a UStG: DE299002511 Inhaltlich Verantwortlicher: Petra\u00a0D\u00f6kel HAFTUNG F\u00dcR INHALTE Die Inhalte unserer Seiten wurden mit gr\u00f6\u00dfter Sorgfalt erstellt. F\u00fcr die [&hellip;]\" \/>\n<meta property=\"og:url\" content=\"https:\/\/www.evalii.de\/en\/impressum\/\" \/>\n<meta property=\"og:site_name\" content=\"evalii - pharmacovigilance monitoring service\" \/>\n<meta property=\"article:modified_time\" content=\"2025-03-31T13:32:25+00:00\" \/>\n<meta name=\"twitter:card\" content=\"summary_large_image\" \/>\n<meta name=\"twitter:label1\" content=\"Est. reading time\" \/>\n\t<meta name=\"twitter:data1\" content=\"3 minutes\" \/>\n<script type=\"application\/ld+json\" class=\"yoast-schema-graph\">{\"@context\":\"https:\/\/schema.org\",\"@graph\":[{\"@type\":\"WebPage\",\"@id\":\"https:\/\/www.evalii.de\/impressum\/\",\"url\":\"https:\/\/www.evalii.de\/impressum\/\",\"name\":\"Impressum - evalii - pharmacovigilance monitoring service\",\"isPartOf\":{\"@id\":\"https:\/\/www.evalii.de\/#website\"},\"datePublished\":\"2024-04-17T14:37:42+00:00\",\"dateModified\":\"2025-03-31T13:32:25+00:00\",\"breadcrumb\":{\"@id\":\"https:\/\/www.evalii.de\/impressum\/#breadcrumb\"},\"inLanguage\":\"en-US\",\"potentialAction\":[{\"@type\":\"ReadAction\",\"target\":[\"https:\/\/www.evalii.de\/impressum\/\"]}]},{\"@type\":\"BreadcrumbList\",\"@id\":\"https:\/\/www.evalii.de\/impressum\/#breadcrumb\",\"itemListElement\":[{\"@type\":\"ListItem\",\"position\":1,\"name\":\"Startseite\",\"item\":\"https:\/\/www.evalii.de\/\"},{\"@type\":\"ListItem\",\"position\":2,\"name\":\"Impressum\"}]},{\"@type\":\"WebSite\",\"@id\":\"https:\/\/www.evalii.de\/#website\",\"url\":\"https:\/\/www.evalii.de\/\",\"name\":\"evalii - pharmacovigilance monitoring service\",\"description\":\"\",\"publisher\":{\"@id\":\"https:\/\/www.evalii.de\/#organization\"},\"potentialAction\":[{\"@type\":\"SearchAction\",\"target\":{\"@type\":\"EntryPoint\",\"urlTemplate\":\"https:\/\/www.evalii.de\/?s={search_term_string}\"},\"query-input\":{\"@type\":\"PropertyValueSpecification\",\"valueRequired\":true,\"valueName\":\"search_term_string\"}}],\"inLanguage\":\"en-US\"},{\"@type\":\"Organization\",\"@id\":\"https:\/\/www.evalii.de\/#organization\",\"name\":\"evalii - pharmacovigilance monitoring service\",\"url\":\"https:\/\/www.evalii.de\/\",\"logo\":{\"@type\":\"ImageObject\",\"inLanguage\":\"en-US\",\"@id\":\"https:\/\/www.evalii.de\/#\/schema\/logo\/image\/\",\"url\":\"https:\/\/www.evalii.de\/wp-content\/uploads\/2024\/02\/cropped-evalii_logo_partial-white-e1709128348839.png\",\"contentUrl\":\"https:\/\/www.evalii.de\/wp-content\/uploads\/2024\/02\/cropped-evalii_logo_partial-white-e1709128348839.png\",\"width\":200,\"height\":82,\"caption\":\"evalii - pharmacovigilance monitoring service\"},\"image\":{\"@id\":\"https:\/\/www.evalii.de\/#\/schema\/logo\/image\/\"}}]}<\/script>\n<!-- \/ Yoast SEO plugin. -->","yoast_head_json":{"title":"Imprint - evalii - pharmacovigilance monitoring service","robots":{"index":"index","follow":"follow","max-snippet":"max-snippet:-1","max-image-preview":"max-image-preview:large","max-video-preview":"max-video-preview:-1"},"canonical":"https:\/\/www.evalii.de\/en\/impressum\/","og_locale":"en_US","og_type":"article","og_title":"Impressum - evalii - pharmacovigilance monitoring service","og_description":"Impressum Cross4Channel\u00a0\u2014 Gesellschaft f\u00fcr digitales Healthcare Marketing\u00a0mbH Prinzessinnenstr. 19\/20,10969 Berlin, Germany Gesch\u00e4ftsf\u00fchrung: Petra D\u00f6kelTelefon: +49 (0)30 \u2014 746 895 00Fax: +49 (0)30 \u2014 746 895 09E\u2011Mail:\u00a0info@cross4channel.de Registergericht: Amtsgericht Berlin CharlottenburgRegisternummer: HRB 164531 BUmsatzsteuer-Identifikationsnummer gem. \u00a7 27a UStG: DE299002511 Inhaltlich Verantwortlicher: Petra\u00a0D\u00f6kel HAFTUNG F\u00dcR INHALTE Die Inhalte unserer Seiten wurden mit gr\u00f6\u00dfter Sorgfalt erstellt. F\u00fcr die [&hellip;]","og_url":"https:\/\/www.evalii.de\/en\/impressum\/","og_site_name":"evalii - pharmacovigilance monitoring service","article_modified_time":"2025-03-31T13:32:25+00:00","twitter_card":"summary_large_image","twitter_misc":{"Est. reading time":"3 minutes"},"schema":{"@context":"https:\/\/schema.org","@graph":[{"@type":"WebPage","@id":"https:\/\/www.evalii.de\/impressum\/","url":"https:\/\/www.evalii.de\/impressum\/","name":"Imprint - evalii - pharmacovigilance monitoring service","isPartOf":{"@id":"https:\/\/www.evalii.de\/#website"},"datePublished":"2024-04-17T14:37:42+00:00","dateModified":"2025-03-31T13:32:25+00:00","breadcrumb":{"@id":"https:\/\/www.evalii.de\/impressum\/#breadcrumb"},"inLanguage":"en-US","potentialAction":[{"@type":"ReadAction","target":["https:\/\/www.evalii.de\/impressum\/"]}]},{"@type":"BreadcrumbList","@id":"https:\/\/www.evalii.de\/impressum\/#breadcrumb","itemListElement":[{"@type":"ListItem","position":1,"name":"Startseite","item":"https:\/\/www.evalii.de\/"},{"@type":"ListItem","position":2,"name":"Impressum"}]},{"@type":"WebSite","@id":"https:\/\/www.evalii.de\/#website","url":"https:\/\/www.evalii.de\/","name":"evalii - pharmacovigilance monitoring service","description":"","publisher":{"@id":"https:\/\/www.evalii.de\/#organization"},"potentialAction":[{"@type":"SearchAction","target":{"@type":"EntryPoint","urlTemplate":"https:\/\/www.evalii.de\/?s={search_term_string}"},"query-input":{"@type":"PropertyValueSpecification","valueRequired":true,"valueName":"search_term_string"}}],"inLanguage":"en-US"},{"@type":"Organization","@id":"https:\/\/www.evalii.de\/#organization","name":"evalii - pharmacovigilance monitoring service","url":"https:\/\/www.evalii.de\/","logo":{"@type":"ImageObject","inLanguage":"en-US","@id":"https:\/\/www.evalii.de\/#\/schema\/logo\/image\/","url":"https:\/\/www.evalii.de\/wp-content\/uploads\/2024\/02\/cropped-evalii_logo_partial-white-e1709128348839.png","contentUrl":"https:\/\/www.evalii.de\/wp-content\/uploads\/2024\/02\/cropped-evalii_logo_partial-white-e1709128348839.png","width":200,"height":82,"caption":"evalii - pharmacovigilance monitoring service"},"image":{"@id":"https:\/\/www.evalii.de\/#\/schema\/logo\/image\/"}}]}},"_links":{"self":[{"href":"https:\/\/www.evalii.de\/en\/wp-json\/wp\/v2\/pages\/4569","targetHints":{"allow":["GET"]}}],"collection":[{"href":"https:\/\/www.evalii.de\/en\/wp-json\/wp\/v2\/pages"}],"about":[{"href":"https:\/\/www.evalii.de\/en\/wp-json\/wp\/v2\/types\/page"}],"author":[{"embeddable":true,"href":"https:\/\/www.evalii.de\/en\/wp-json\/wp\/v2\/users\/1"}],"replies":[{"embeddable":true,"href":"https:\/\/www.evalii.de\/en\/wp-json\/wp\/v2\/comments?post=4569"}],"version-history":[{"count":19,"href":"https:\/\/www.evalii.de\/en\/wp-json\/wp\/v2\/pages\/4569\/revisions"}],"predecessor-version":[{"id":4967,"href":"https:\/\/www.evalii.de\/en\/wp-json\/wp\/v2\/pages\/4569\/revisions\/4967"}],"wp:attachment":[{"href":"https:\/\/www.evalii.de\/en\/wp-json\/wp\/v2\/media?parent=4569"}],"curies":[{"name":"wp","href":"https:\/\/api.w.org\/{rel}","templated":true}]}}